{"id":96,"date":"2012-06-11T17:17:45","date_gmt":"2012-06-11T17:17:45","guid":{"rendered":"http:\/\/www.gibs-mir.com\/blognews\/?page_id=96"},"modified":"2012-06-11T17:17:45","modified_gmt":"2012-06-11T17:17:45","slug":"babylons-damonen","status":"publish","type":"page","link":"https:\/\/www.gibs-mir.com\/blognews\/?page_id=96","title":{"rendered":"Babylons D\u00e4monen"},"content":{"rendered":"<p>Babylons D\u00e4monen Teil 1 Deutsch Synchronisiert <\/p>\n<p><iframe loading=\"lazy\" width=\"420\" height=\"315\" src=\"http:\/\/www.youtube.com\/embed\/c--vuEORsMc\" frameborder=\"0\" allowfullscreen><\/iframe><\/p>\n<p>Babylons D\u00e4monen Teil 2 <\/p>\n<p><iframe loading=\"lazy\" width=\"420\" height=\"315\" src=\"http:\/\/www.youtube.com\/embed\/dk7Ogy6SAi4\" frameborder=\"0\" allowfullscreen><\/iframe><\/p>\n<p>Babylons D\u00e4monen Teil 3<br \/>\n<iframe loading=\"lazy\" width=\"420\" height=\"315\" src=\"http:\/\/www.youtube.com\/embed\/xw-PseHg2zw\" frameborder=\"0\" allowfullscreen><\/iframe><\/p>\n<p>Babylons D\u00e4monen Teil 5<\/p>\n<p><iframe loading=\"lazy\" width=\"420\" height=\"315\" src=\"http:\/\/www.youtube.com\/embed\/oQfribl_Xzc\" frameborder=\"0\" allowfullscreen><\/iframe><\/p>\n<p>Babylons D\u00e4monen Teil 9<\/p>\n<p><iframe loading=\"lazy\" width=\"420\" height=\"315\" src=\"http:\/\/www.youtube.com\/embed\/JoDtN4UOT5Y\" frameborder=\"0\" allowfullscreen><\/iframe><\/p>\n<p>Babylons D\u00e4monen Teil 11<\/p>\n<p><iframe loading=\"lazy\" width=\"420\" height=\"315\" src=\"http:\/\/www.youtube.com\/embed\/3Ha_fGBpCb8\" frameborder=\"0\" allowfullscreen><\/iframe><\/p>\n<p>Babylons D\u00e4monen Teil 15<\/p>\n<p><iframe loading=\"lazy\" width=\"420\" height=\"315\" src=\"http:\/\/www.youtube.com\/embed\/3rBzuWpJPTk\" frameborder=\"0\" allowfullscreen><\/iframe><\/p>\n","protected":false},"excerpt":{"rendered":"<p>Babylons D\u00e4monen Teil 1 Deutsch Synchronisiert Babylons D\u00e4monen Teil 2 Babylons D\u00e4monen Teil 3 Babylons D\u00e4monen Teil 5 Babylons D\u00e4monen Teil 9 Babylons D\u00e4monen Teil 11 Babylons D\u00e4monen Teil 15<\/p>\n","protected":false},"author":1,"featured_media":0,"parent":0,"menu_order":0,"comment_status":"open","ping_status":"open","template":"","meta":{"footnotes":""},"class_list":["post-96","page","type-page","status-publish","hentry"],"_links":{"self":[{"href":"https:\/\/www.gibs-mir.com\/blognews\/index.php?rest_route=\/wp\/v2\/pages\/96","targetHints":{"allow":["GET"]}}],"collection":[{"href":"https:\/\/www.gibs-mir.com\/blognews\/index.php?rest_route=\/wp\/v2\/pages"}],"about":[{"href":"https:\/\/www.gibs-mir.com\/blognews\/index.php?rest_route=\/wp\/v2\/types\/page"}],"author":[{"embeddable":true,"href":"https:\/\/www.gibs-mir.com\/blognews\/index.php?rest_route=\/wp\/v2\/users\/1"}],"replies":[{"embeddable":true,"href":"https:\/\/www.gibs-mir.com\/blognews\/index.php?rest_route=%2Fwp%2Fv2%2Fcomments&post=96"}],"version-history":[{"count":4,"href":"https:\/\/www.gibs-mir.com\/blognews\/index.php?rest_route=\/wp\/v2\/pages\/96\/revisions"}],"predecessor-version":[{"id":101,"href":"https:\/\/www.gibs-mir.com\/blognews\/index.php?rest_route=\/wp\/v2\/pages\/96\/revisions\/101"}],"wp:attachment":[{"href":"https:\/\/www.gibs-mir.com\/blognews\/index.php?rest_route=%2Fwp%2Fv2%2Fmedia&parent=96"}],"curies":[{"name":"wp","href":"https:\/\/api.w.org\/{rel}","templated":true}]}}